{"id":6,"date":"2022-04-28T10:38:01","date_gmt":"2022-04-28T10:38:01","guid":{"rendered":"http:\/\/konttorikeskus.local\/?page_id=6"},"modified":"2024-10-24T13:05:09","modified_gmt":"2024-10-24T13:05:09","slug":"etusivu","status":"publish","type":"page","link":"https:\/\/konttorikeskus.com\/","title":{"rendered":"Etusivu"},"content":{"rendered":"\n<h1 class=\"wp-block-heading\">Tervetuloa kotisivuillemme!<\/h1>\n\n\n\n<div style=\"height:15px\" aria-hidden=\"true\" class=\"wp-block-spacer\"><\/div>\n\n\n\n<p>Konttorikeskus V\u00e4is\u00e4nen on vuodesta 2008 alkaen toiminut kassa-ja maksup\u00e4\u00e4te\/kone erikoiskauppa, jonka p\u00e4\u00e4toimialana on Quorion ja Mando kassakoneiden ja -p\u00e4\u00e4tteiden myynti. Palveluumme kuuluu myynnin ohella kaikkien laitteiden ohjelmointi sek\u00e4 huolto. <\/p>\n\n\n\n<p>Saatavilla pieni er\u00e4 perinteist\u00e4 &#8221;nappula&#8221; kassakonetta Quorion qmp18 hintaan 490\u20ac alv.0%.Pid\u00e4 kiirett\u00e4!<br><\/p>\n\n\n\n<div style=\"height:15px\" aria-hidden=\"true\" class=\"wp-block-spacer\"><\/div>\n\n\n\n<p>Maksup\u00e4\u00e4tteet Verifone, Castless ja Nets -kassoihin integroituna tai erikseen sek\u00e4 muut lis\u00e4laitteet, kuten skannerit, kirjoittimet ja lis\u00e4n\u00e4yt\u00f6t. Tarvikkeet, kuten kassa-ja maksup\u00e4\u00e4te kuittirullat.<\/p>\n\n\n\n<p>Quorion QTouch All-In-One sarjan 9&#8243;,11&#8243; ja 16&#8243; kosketusn\u00e4ytt\u00f6 kassat alk.1190\u20ac alv.0%<\/p>\n\n\n\n<p>Enkla kassa,maksup\u00e4\u00e4te,jossa voit myyd\u00e4 my\u00f6s tuotteita!K\u00e4ytt\u00f6kulut 30\u20ac\/kk alv.0%.Korttimaksu,k\u00e4teiskuitti,lahjakortti jne.Kuitissa alv.erittely!Kysy lis\u00e4\u00e4.<\/p>\n\n\n\n<div style=\"height:41px\" aria-hidden=\"true\" class=\"wp-block-spacer\"><\/div>\n\n\n\n<p><\/p>\n\n\n\n<p><strong>TERVETULOA TUTUSTUMAAN!<\/strong><\/p>\n\n\n\n<p><br><\/p>\n\n\n\n<div style=\"height:20px\" aria-hidden=\"true\" class=\"wp-block-spacer\"><\/div>\n\n\n\n<figure class=\"wp-block-pullquote\"><blockquote><p><\/p><\/blockquote><\/figure>\n\n\n\n<div style=\"height:20px\" aria-hidden=\"true\" class=\"wp-block-spacer\"><\/div>\n","protected":false},"excerpt":{"rendered":"<p>Tervetuloa kotisivuillemme! Konttorikeskus V\u00e4is\u00e4nen on vuodesta 2008 alkaen toiminut kassa-ja maksup\u00e4\u00e4te\/kone erikoiskauppa, jonka p\u00e4\u00e4toimialana on Quorion ja Mando kassakoneiden ja -p\u00e4\u00e4tteiden myynti. Palveluumme kuuluu myynnin ohella kaikkien laitteiden ohjelmointi sek\u00e4 huolto. Saatavilla pieni er\u00e4 perinteist\u00e4 &#8221;nappula&#8221; kassakonetta Quorion qmp18 hintaan 490\u20ac alv.0%.Pid\u00e4 kiirett\u00e4! Maksup\u00e4\u00e4tteet Verifone, Castless ja Nets -kassoihin integroituna tai erikseen sek\u00e4 muut lis\u00e4laitteet, [&hellip;]<\/p>\n","protected":false},"author":1,"featured_media":0,"parent":0,"menu_order":0,"comment_status":"closed","ping_status":"closed","template":"","meta":{"footnotes":""},"class_list":["post-6","page","type-page","status-publish","hentry"],"_links":{"self":[{"href":"https:\/\/konttorikeskus.com\/index.php?rest_route=\/wp\/v2\/pages\/6","targetHints":{"allow":["GET"]}}],"collection":[{"href":"https:\/\/konttorikeskus.com\/index.php?rest_route=\/wp\/v2\/pages"}],"about":[{"href":"https:\/\/konttorikeskus.com\/index.php?rest_route=\/wp\/v2\/types\/page"}],"author":[{"embeddable":true,"href":"https:\/\/konttorikeskus.com\/index.php?rest_route=\/wp\/v2\/users\/1"}],"replies":[{"embeddable":true,"href":"https:\/\/konttorikeskus.com\/index.php?rest_route=%2Fwp%2Fv2%2Fcomments&post=6"}],"version-history":[{"count":23,"href":"https:\/\/konttorikeskus.com\/index.php?rest_route=\/wp\/v2\/pages\/6\/revisions"}],"predecessor-version":[{"id":350,"href":"https:\/\/konttorikeskus.com\/index.php?rest_route=\/wp\/v2\/pages\/6\/revisions\/350"}],"wp:attachment":[{"href":"https:\/\/konttorikeskus.com\/index.php?rest_route=%2Fwp%2Fv2%2Fmedia&parent=6"}],"curies":[{"name":"wp","href":"https:\/\/api.w.org\/{rel}","templated":true}]}}